{"id":23236069,"date":"2024-01-22T20:59:43","date_gmt":"2024-01-22T20:59:43","guid":{"rendered":"https:\/\/nmkidscan.50can.org\/politica-de-privacidad\/"},"modified":"2024-01-22T20:59:43","modified_gmt":"2024-01-22T20:59:43","slug":"politica-de-privacidad","status":"publish","type":"page","link":"https:\/\/nmkidscan.org\/es\/politica-de-privacidad\/","title":{"rendered":"Pol\u00edtica de privacidad"},"content":{"rendered":"<p>La privacidad es de fundamental importancia para 50CAN y esta pol\u00edtica de privacidad describe c\u00f3mo recopilamos, usamos y protegemos su informaci\u00f3n en nuestro sitio web. Esta pol\u00edtica de privacidad se aplica \u00fanicamente a la informaci\u00f3n que recopilamos a trav\u00e9s del sitio web. <\/p>\n<p>Cambios en esta Pol\u00edtica de Privacidad<\/p>\n<p>Esta pol\u00edtica de privacidad puede ser actualizada peri\u00f3dicamente para reflejar los cambios en nuestras pr\u00e1cticas de informaci\u00f3n en l\u00ednea. Un aviso de cualquier cambio de este tipo se publicar\u00e1 en la p\u00e1gina de inicio de nuestro sitio web al menos treinta (30) d\u00edas antes de la implementaci\u00f3n de dicho cambio. Nuestra pol\u00edtica de privacidad m\u00e1s actual est\u00e1 siempre disponible en nuestro sitio web y la fecha de revisi\u00f3n m\u00e1s reciente se muestra siempre al final de la pol\u00edtica de privacidad.  <\/p>\n<p>Cont\u00e1ctenos<br \/>\nSi tiene comentarios o preguntas sobre esta pol\u00edtica de privacidad o desea \u201coptar por no participar\u201d en ciertos tipos de usos de la informaci\u00f3n, no dude en ponerse en contacto con nosotros en 50CAN, 1625 K Street NW, Suite 400, Washington, DC 20006 o enviando un correo electr\u00f3nico a info@nmkidscan.org.<\/p>\n<p>Informaci\u00f3n que recopilamos<br \/>\nLa informaci\u00f3n que recopilamos generalmente se divide en dos categor\u00edas: (1) informaci\u00f3n personal que usted proporciona voluntariamente, como cuando nos proporciona su informaci\u00f3n para obtener m\u00e1s informaci\u00f3n sobre 50CAN, cuando nos proporciona una donaci\u00f3n, o cuando se registra para ayudar en nuestros esfuerzos de recaudaci\u00f3n de fondos, unirse a nuestras listas de correo o recibir nuestros correos electr\u00f3nicos, como nuestras actualizaciones de campa\u00f1a, nuestro resumen semanal de noticias o nuestro resumen mensual de investigaci\u00f3n, y (2) informaci\u00f3n de seguimiento que podemos recopilar a medida que navega por el sitio web.<\/p>\n<p>Consulte la secci\u00f3n siguiente titulada \u201cC\u00f3mo puede optar por no participar en nuestros usos de la informaci\u00f3n\u201d con respecto a su derecho a pedirnos que no utilicemos su informaci\u00f3n para ciertos fines.<\/p>\n<p>Informaci\u00f3n personal<br \/>\nPodemos solicitar su nombre, el nombre de su organizaci\u00f3n, direcci\u00f3n postal, direcci\u00f3n de correo electr\u00f3nico, n\u00famero de tel\u00e9fono, informaci\u00f3n de tarjeta de cr\u00e9dito o d\u00e9bito y otra informaci\u00f3n personal. Utilizamos esta informaci\u00f3n para personalizar su experiencia en l\u00ednea, proporcionarle mensajes personalizados por correo electr\u00f3nico y correo directo sobre 50CAN y ayudarnos a mejorar el sitio web. <\/p>\n<p>Informaci\u00f3n de seguimiento y cookies<br \/>\nCuando visita nuestro sitio web, podemos recopilar informaci\u00f3n de seguimiento como su tipo de navegador, el tipo de sistema operativo que utiliza, qu\u00e9 p\u00e1ginas visit\u00f3 en nuestro sitio web y qu\u00e9 t\u00e9rminos de b\u00fasqueda introdujo. Utilizamos cookies, balizas web y otras tecnolog\u00edas para el an\u00e1lisis y los servicios personalizados. <\/p>\n<p>Una cookie es un peque\u00f1o archivo de texto que el servidor de nuestro sitio web env\u00eda a su ordenador. Utilizamos cookies para recopilar informaci\u00f3n de seguimiento y para recordar la informaci\u00f3n que nos ha proporcionado. Esto se hace para que no tenga que volver a introducir la informaci\u00f3n cada vez que visite nuestro sitio web. La mayor\u00eda de los navegadores web se pueden configurar para informarle cuando se le ha enviado una cookie y proporcionarle la oportunidad de rechazar esa cookie o eliminarla m\u00e1s tarde. Tenga en cuenta que si elimina o elige no aceptar nuestras cookies, tendr\u00e1 que volver a introducir su informaci\u00f3n y volver a seleccionar sus preferencias cada vez que visite nuestro sitio web.    <\/p>\n<p>Estad\u00edsticas web<br \/>\nTambi\u00e9n utilizamos direcciones IP para analizar tendencias, administrar el sitio web, resolver problemas t\u00e9cnicos, rastrear el movimiento del usuario y recopilar informaci\u00f3n demogr\u00e1fica amplia para uso agregado con fines de informes y patrocinio. Las direcciones IP no est\u00e1n vinculadas a informaci\u00f3n de identificaci\u00f3n personal. <\/p>\n<p>C\u00f3mo se utilizar\u00e1 su informaci\u00f3n<br \/>\nUtilizaremos la informaci\u00f3n que recopilemos de usted y sobre usted para diversos fines, entre ellos, responder a sus solicitudes, como cualquier solicitud para unirse a nuestros boletines de noticias o de investigaci\u00f3n, proporcionarle informaci\u00f3n adicional sobre 50CAN, mejorar nuestro sitio web, personalizar su experiencia en nuestro sitio web, procesar donaciones y supervisar las publicaciones en cualquier tabl\u00f3n de anuncios, blog o \u00e1rea de chat que podamos poner a su disposici\u00f3n. Nuestro principal objetivo es proporcionarle una experiencia personalizada y toda la informaci\u00f3n necesaria para que comprenda plenamente 50CAN y los servicios que ofrecemos. Tambi\u00e9n nos reservamos el derecho de compartir su direcci\u00f3n de correo electr\u00f3nico entre nuestras filiales nacionales y estatales en la red 50CAN para mantenerle informado de oportunidades similares de reforma educativa que tambi\u00e9n puedan ser de su inter\u00e9s.  <\/p>\n<p>C\u00f3mo se compartir\u00e1 su informaci\u00f3n<br \/>\nValoramos su privacidad y no venderemos su informaci\u00f3n personal a terceros. Sin embargo, podemos compartir su informaci\u00f3n con terceros en circunstancias limitadas, tales como: <\/p>\n<p>Proveedores de servicios<br \/>\nPodemos compartir su informaci\u00f3n con proveedores de servicios externos, como AuthorizeNet, que nos ayudan a operar y mantener nuestro sitio web o a prestar nuestros servicios. Cualquier proveedor de servicios externo con el que compartamos su informaci\u00f3n estar\u00e1 contractualmente obligado a no utilizar ni divulgar su informaci\u00f3n personal para ning\u00fan fin que no sea el necesario para prestar los servicios para los que se divulg\u00f3 la informaci\u00f3n. <\/p>\n<p>Para fines legales<br \/>\nDivulgaremos informaci\u00f3n cuando creamos que estamos legalmente obligados a hacerlo, como en respuesta a una orden judicial o una citaci\u00f3n. Tambi\u00e9n se nos puede exigir que divulguemos informaci\u00f3n si estamos comprando o vendiendo un negocio, aunque en tales casos su informaci\u00f3n normalmente estar\u00eda cubierta por un acuerdo de confidencialidad. <\/p>\n<p>Informaci\u00f3n agregada<br \/>\nPodemos revelar a terceros, como nuestros socios, patrocinadores o donantes, estad\u00edsticas agregadas no identificables personalmente, como patrones generales o informes demogr\u00e1ficos, sobre el comportamiento de los usuarios como medida del inter\u00e9s y el uso de nuestro sitio web y materiales de marketing. Las divulgaciones agregadas no describir\u00e1n ni identificar\u00e1n a ning\u00fan usuario individual. <\/p>\n<p>Nuestro sitio web puede ofrecer a sus usuarios la oportunidad de compartir su propio contenido, por ejemplo, en blogs o foros de mensajes. Si decide utilizar estas funciones, debe ser consciente de que cualquier informaci\u00f3n personal que env\u00ede a trav\u00e9s de estas funciones puede ser le\u00edda, recopilada o utilizada por otros usuarios de estas funciones y podr\u00eda utilizarse para enviarle mensajes no solicitados. Tenga en cuenta que 50CAN no es responsable de la informaci\u00f3n personal que decida enviar a trav\u00e9s de estas funciones.  <\/p>\n<p>Los usuarios de nuestro sitio web tambi\u00e9n deben ser conscientes de lo siguiente:<\/p>\n<p>Enlaces de correo electr\u00f3nico<br \/>\nUtilizamos enlaces de correo electr\u00f3nico ubicados en este sitio web para permitirle ponerse en contacto con nosotros directamente por correo electr\u00f3nico. Utilizamos la informaci\u00f3n proporcionada en su correo electr\u00f3nico para responder a sus preguntas o comentarios. Tambi\u00e9n podemos almacenar sus comentarios para futuras consultas.  <\/p>\n<p>Comunicaciones por correo electr\u00f3nico<br \/>\n50CAN publica una variedad de comunicaciones por correo electr\u00f3nico. Tal y como se establece en esta pol\u00edtica de privacidad, puede suscribirse o cancelar la suscripci\u00f3n a cualquier correo electr\u00f3nico en cualquier momento. <\/p>\n<p>C\u00f3mo puede optar por no participar en nuestros usos de la informaci\u00f3n<br \/>\nPuede evitar la recopilaci\u00f3n de informaci\u00f3n personal neg\u00e1ndose a registrarse en nuestro sitio web o no participando en otros aspectos interactivos de este sitio web para los que requerimos dicha informaci\u00f3n. Si no desea recibir informaci\u00f3n de marketing de nosotros en el futuro, puede optar por no participar haciendo clic en el enlace \u00abcancelar la suscripci\u00f3n\u00bb incluido en cualquier correo electr\u00f3nico de marketing o poni\u00e9ndose en contacto con nosotros en la direcci\u00f3n postal o de correo electr\u00f3nico al principio de esta pol\u00edtica de privacidad, en la secci\u00f3n titulada \u00abContacto\u00bb. Haremos todos los esfuerzos razonables para atender su solicitud con prontitud.  <\/p>\n<p>No puede optar por no participar en nuestro uso de su informaci\u00f3n para fines legales o para responder a una solicitud que usted haya iniciado.<\/p>\n<p>Actualizaci\u00f3n o correcci\u00f3n de su informaci\u00f3n<br \/>\nPor favor, h\u00e1ganos saber si alguna informaci\u00f3n que nos haya proporcionado es incorrecta o est\u00e1 incompleta, y haremos todos los esfuerzos razonables para actualizarla o corregirla con prontitud.<\/p>\n<p>Seguridad<br \/>\nHemos puesto en marcha los procedimientos f\u00edsicos, electr\u00f3nicos y de gesti\u00f3n adecuados para salvaguardar y ayudar a prevenir el acceso no autorizado, mantener la seguridad de los datos y utilizar correctamente la informaci\u00f3n que recopilamos. Mantenemos un proceso seguro para recopilar, transmitir y almacenar su informaci\u00f3n personal. <\/p>\n<p>Tenga en cuenta que ning\u00fan m\u00e9todo de transmisi\u00f3n o almacenamiento de datos electr\u00f3nicos es completamente seguro, por lo que no podemos garantizar que dicha informaci\u00f3n nunca ser\u00e1 accedida, utilizada o divulgada de una manera que sea inconsistente con esta pol\u00edtica de privacidad.<\/p>\n<p>Si introducimos funciones protegidas por contrase\u00f1a, le instamos a que guarde en un lugar seguro cualquier contrase\u00f1a en l\u00ednea que podamos proporcionarle y a que no la revele a nadie. Recuerde tambi\u00e9n cerrar la sesi\u00f3n y cerrar la ventana de su navegador cuando haya terminado su visita, especialmente si est\u00e1 compartiendo un ordenador con otra persona o est\u00e1 utilizando un ordenador en un lugar p\u00fablico, como una biblioteca o un cibercaf\u00e9. <\/p>\n<p>Menores de edad<br \/>\nEste sitio web no est\u00e1 dirigido a ni\u00f1os menores de 13 a\u00f1os y no recopilamos conscientemente informaci\u00f3n personal de ni\u00f1os menores de 13 a\u00f1os en nuestro sitio web. Si nos damos cuenta de que hemos recibido inadvertidamente informaci\u00f3n personal de un visitante menor de 13 a\u00f1os en nuestro sitio web, eliminaremos la informaci\u00f3n de nuestros registros. <\/p>\n<p>\u00daltima actualizaci\u00f3n<br \/>\nEsta pol\u00edtica de privacidad se actual\u00f3 por \u00faltima vez y es efectiva a partir del 30 de noviembre de 2016.<\/p>\n","protected":false},"excerpt":{"rendered":"<p>La privacidad es de fundamental importancia para 50CAN y esta pol\u00edtica de privacidad describe c\u00f3mo recopilamos, usamos y protegemos su informaci\u00f3n en nuestro sitio web. Esta pol\u00edtica de privacidad se aplica \u00fanicamente a la informaci\u00f3n que recopilamos a trav\u00e9s del sitio web. Cambios en esta Pol\u00edtica de Privacidad Esta pol\u00edtica de privacidad puede ser actualizada [&hellip;]<\/p>\n","protected":false},"author":205,"featured_media":0,"parent":0,"menu_order":0,"comment_status":"closed","ping_status":"closed","template":"","meta":{"_et_pb_use_builder":"","_et_pb_old_content":"","_et_gb_content_width":"","footnotes":""},"class_list":["post-23236069","page","type-page","status-publish","hentry"],"yoast_head":"<!-- This site is optimized with the Yoast SEO plugin v27.3 - https:\/\/yoast.com\/product\/yoast-seo-wordpress\/ -->\n<title>Pol\u00edtica de privacidad - NewMexicoKidsCAN<\/title>\n<meta name=\"robots\" content=\"index, follow, max-snippet:-1, max-image-preview:large, max-video-preview:-1\" \/>\n<link rel=\"canonical\" href=\"https:\/\/nmkidscan.org\/es\/politica-de-privacidad\/\" \/>\n<meta property=\"og:locale\" content=\"es_ES\" \/>\n<meta property=\"og:type\" content=\"article\" \/>\n<meta property=\"og:title\" content=\"Pol\u00edtica de privacidad - NewMexicoKidsCAN\" \/>\n<meta property=\"og:description\" content=\"La privacidad es de fundamental importancia para 50CAN y esta pol\u00edtica de privacidad describe c\u00f3mo recopilamos, usamos y protegemos su informaci\u00f3n en nuestro sitio web. Esta pol\u00edtica de privacidad se aplica \u00fanicamente a la informaci\u00f3n que recopilamos a trav\u00e9s del sitio web. Cambios en esta Pol\u00edtica de Privacidad Esta pol\u00edtica de privacidad puede ser actualizada [&hellip;]\" \/>\n<meta property=\"og:url\" content=\"https:\/\/nmkidscan.org\/es\/politica-de-privacidad\/\" \/>\n<meta property=\"og:site_name\" content=\"NewMexicoKidsCAN\" \/>\n<meta property=\"article:publisher\" content=\"https:\/\/www.facebook.com\/50CAN\" \/>\n<meta name=\"twitter:card\" content=\"summary_large_image\" \/>\n<meta name=\"twitter:site\" content=\"@fiftycan\" \/>\n<meta name=\"twitter:label1\" content=\"Tiempo de lectura\" \/>\n\t<meta name=\"twitter:data1\" content=\"8 minutos\" \/>\n<script type=\"application\/ld+json\" class=\"yoast-schema-graph\">{\"@context\":\"https:\\\/\\\/schema.org\",\"@graph\":[{\"@type\":\"WebPage\",\"@id\":\"https:\\\/\\\/nmkidscan.org\\\/es\\\/politica-de-privacidad\\\/\",\"url\":\"https:\\\/\\\/nmkidscan.org\\\/es\\\/politica-de-privacidad\\\/\",\"name\":\"Pol\u00edtica de privacidad - NewMexicoKidsCAN\",\"isPartOf\":{\"@id\":\"https:\\\/\\\/nmkidscan.org\\\/es\\\/#website\"},\"datePublished\":\"2024-01-22T20:59:43+00:00\",\"breadcrumb\":{\"@id\":\"https:\\\/\\\/nmkidscan.org\\\/es\\\/politica-de-privacidad\\\/#breadcrumb\"},\"inLanguage\":\"es\",\"potentialAction\":[{\"@type\":\"ReadAction\",\"target\":[\"https:\\\/\\\/nmkidscan.org\\\/es\\\/politica-de-privacidad\\\/\"]}]},{\"@type\":\"BreadcrumbList\",\"@id\":\"https:\\\/\\\/nmkidscan.org\\\/es\\\/politica-de-privacidad\\\/#breadcrumb\",\"itemListElement\":[{\"@type\":\"ListItem\",\"position\":1,\"name\":\"Home\",\"item\":\"https:\\\/\\\/nmkidscan.org\\\/es\\\/home\\\/?lang=es\"},{\"@type\":\"ListItem\",\"position\":2,\"name\":\"Pol\u00edtica de privacidad\"}]},{\"@type\":\"WebSite\",\"@id\":\"https:\\\/\\\/nmkidscan.org\\\/es\\\/#website\",\"url\":\"https:\\\/\\\/nmkidscan.org\\\/es\\\/\",\"name\":\"50CAN National\",\"description\":\"\",\"publisher\":{\"@id\":\"https:\\\/\\\/nmkidscan.org\\\/es\\\/#organization\"},\"potentialAction\":[{\"@type\":\"SearchAction\",\"target\":{\"@type\":\"EntryPoint\",\"urlTemplate\":\"https:\\\/\\\/nmkidscan.org\\\/es\\\/?s={search_term_string}\"},\"query-input\":{\"@type\":\"PropertyValueSpecification\",\"valueRequired\":true,\"valueName\":\"search_term_string\"}}],\"inLanguage\":\"es\"},{\"@type\":\"Organization\",\"@id\":\"https:\\\/\\\/nmkidscan.org\\\/es\\\/#organization\",\"name\":\"50CAN\",\"url\":\"https:\\\/\\\/nmkidscan.org\\\/es\\\/\",\"logo\":{\"@type\":\"ImageObject\",\"inLanguage\":\"es\",\"@id\":\"https:\\\/\\\/nmkidscan.org\\\/es\\\/#\\\/schema\\\/logo\\\/image\\\/\",\"url\":\"https:\\\/\\\/nmkidscan.org\\\/wp-content\\\/uploads\\\/sites\\\/24\\\/2023\\\/07\\\/50CAN-Logo-White-background.png\",\"contentUrl\":\"https:\\\/\\\/nmkidscan.org\\\/wp-content\\\/uploads\\\/sites\\\/24\\\/2023\\\/07\\\/50CAN-Logo-White-background.png\",\"width\":300,\"height\":200,\"caption\":\"50CAN\"},\"image\":{\"@id\":\"https:\\\/\\\/nmkidscan.org\\\/es\\\/#\\\/schema\\\/logo\\\/image\\\/\"},\"sameAs\":[\"https:\\\/\\\/www.facebook.com\\\/50CAN\",\"https:\\\/\\\/x.com\\\/fiftycan\",\"https:\\\/\\\/www.instagram.com\\\/fiftycan\"]}]}<\/script>\n<!-- \/ Yoast SEO plugin. -->","yoast_head_json":{"title":"Pol\u00edtica de privacidad - NewMexicoKidsCAN","robots":{"index":"index","follow":"follow","max-snippet":"max-snippet:-1","max-image-preview":"max-image-preview:large","max-video-preview":"max-video-preview:-1"},"canonical":"https:\/\/nmkidscan.org\/es\/politica-de-privacidad\/","og_locale":"es_ES","og_type":"article","og_title":"Pol\u00edtica de privacidad - NewMexicoKidsCAN","og_description":"La privacidad es de fundamental importancia para 50CAN y esta pol\u00edtica de privacidad describe c\u00f3mo recopilamos, usamos y protegemos su informaci\u00f3n en nuestro sitio web. Esta pol\u00edtica de privacidad se aplica \u00fanicamente a la informaci\u00f3n que recopilamos a trav\u00e9s del sitio web. Cambios en esta Pol\u00edtica de Privacidad Esta pol\u00edtica de privacidad puede ser actualizada [&hellip;]","og_url":"https:\/\/nmkidscan.org\/es\/politica-de-privacidad\/","og_site_name":"NewMexicoKidsCAN","article_publisher":"https:\/\/www.facebook.com\/50CAN","twitter_card":"summary_large_image","twitter_site":"@fiftycan","twitter_misc":{"Tiempo de lectura":"8 minutos"},"schema":{"@context":"https:\/\/schema.org","@graph":[{"@type":"WebPage","@id":"https:\/\/nmkidscan.org\/es\/politica-de-privacidad\/","url":"https:\/\/nmkidscan.org\/es\/politica-de-privacidad\/","name":"Pol\u00edtica de privacidad - NewMexicoKidsCAN","isPartOf":{"@id":"https:\/\/nmkidscan.org\/es\/#website"},"datePublished":"2024-01-22T20:59:43+00:00","breadcrumb":{"@id":"https:\/\/nmkidscan.org\/es\/politica-de-privacidad\/#breadcrumb"},"inLanguage":"es","potentialAction":[{"@type":"ReadAction","target":["https:\/\/nmkidscan.org\/es\/politica-de-privacidad\/"]}]},{"@type":"BreadcrumbList","@id":"https:\/\/nmkidscan.org\/es\/politica-de-privacidad\/#breadcrumb","itemListElement":[{"@type":"ListItem","position":1,"name":"Home","item":"https:\/\/nmkidscan.org\/es\/home\/?lang=es"},{"@type":"ListItem","position":2,"name":"Pol\u00edtica de privacidad"}]},{"@type":"WebSite","@id":"https:\/\/nmkidscan.org\/es\/#website","url":"https:\/\/nmkidscan.org\/es\/","name":"50CAN National","description":"","publisher":{"@id":"https:\/\/nmkidscan.org\/es\/#organization"},"potentialAction":[{"@type":"SearchAction","target":{"@type":"EntryPoint","urlTemplate":"https:\/\/nmkidscan.org\/es\/?s={search_term_string}"},"query-input":{"@type":"PropertyValueSpecification","valueRequired":true,"valueName":"search_term_string"}}],"inLanguage":"es"},{"@type":"Organization","@id":"https:\/\/nmkidscan.org\/es\/#organization","name":"50CAN","url":"https:\/\/nmkidscan.org\/es\/","logo":{"@type":"ImageObject","inLanguage":"es","@id":"https:\/\/nmkidscan.org\/es\/#\/schema\/logo\/image\/","url":"https:\/\/nmkidscan.org\/wp-content\/uploads\/sites\/24\/2023\/07\/50CAN-Logo-White-background.png","contentUrl":"https:\/\/nmkidscan.org\/wp-content\/uploads\/sites\/24\/2023\/07\/50CAN-Logo-White-background.png","width":300,"height":200,"caption":"50CAN"},"image":{"@id":"https:\/\/nmkidscan.org\/es\/#\/schema\/logo\/image\/"},"sameAs":["https:\/\/www.facebook.com\/50CAN","https:\/\/x.com\/fiftycan","https:\/\/www.instagram.com\/fiftycan"]}]}},"publishpress_future_action":{"enabled":false,"date":"2026-04-21 14:56:06","action":"change-status","newStatus":"draft","terms":[],"taxonomy":"translation_priority","extraData":[]},"publishpress_future_workflow_manual_trigger":{"enabledWorkflows":[]},"_links":{"self":[{"href":"https:\/\/nmkidscan.org\/es\/wp-json\/wp\/v2\/pages\/23236069","targetHints":{"allow":["GET"]}}],"collection":[{"href":"https:\/\/nmkidscan.org\/es\/wp-json\/wp\/v2\/pages"}],"about":[{"href":"https:\/\/nmkidscan.org\/es\/wp-json\/wp\/v2\/types\/page"}],"author":[{"embeddable":true,"href":"https:\/\/nmkidscan.org\/es\/wp-json\/wp\/v2\/users\/205"}],"replies":[{"embeddable":true,"href":"https:\/\/nmkidscan.org\/es\/wp-json\/wp\/v2\/comments?post=23236069"}],"version-history":[{"count":0,"href":"https:\/\/nmkidscan.org\/es\/wp-json\/wp\/v2\/pages\/23236069\/revisions"}],"wp:attachment":[{"href":"https:\/\/nmkidscan.org\/es\/wp-json\/wp\/v2\/media?parent=23236069"}],"curies":[{"name":"wp","href":"https:\/\/api.w.org\/{rel}","templated":true}]}}