{"id":23236258,"date":"2025-09-23T20:57:27","date_gmt":"2025-09-23T20:57:27","guid":{"rendered":"https:\/\/nmkidscan.50can.org\/podcast-new-mexico-rising\/"},"modified":"2026-01-14T14:40:25","modified_gmt":"2026-01-14T14:40:25","slug":"podcast-new-mexico-rising","status":"publish","type":"page","link":"https:\/\/nmkidscan.org\/es\/podcast-new-mexico-rising\/","title":{"rendered":"Podcast New Mexico Rising"},"content":{"rendered":"","protected":false},"excerpt":{"rendered":"<p>Durante d\u00e9cadas, Nuevo M\u00e9xico se ha situado entre los \u00faltimos puestos en educaci\u00f3n, una realidad con la que nos hemos acomodado demasiado. Pero sabemos que la historia no termina ah\u00ed. A lo largo y ancho de nuestro estado, incre\u00edbles l\u00edderes, educadores y padres est\u00e1n trabajando para mejorar nuestro sistema educativo, y New Mexico Rising presentar\u00e1 sus historias.  <\/p>\n","protected":false},"author":205,"featured_media":23236256,"parent":0,"menu_order":0,"comment_status":"closed","ping_status":"closed","template":"","meta":{"_et_pb_use_builder":"","_et_pb_old_content":"","_et_gb_content_width":"","footnotes":""},"class_list":["post-23236258","page","type-page","status-publish","has-post-thumbnail","hentry"],"yoast_head":"<!-- This site is optimized with the Yoast SEO plugin v27.3 - https:\/\/yoast.com\/product\/yoast-seo-wordpress\/ -->\n<title>Podcast New Mexico Rising - NewMexicoKidsCAN<\/title>\n<meta name=\"robots\" content=\"index, follow, max-snippet:-1, max-image-preview:large, max-video-preview:-1\" \/>\n<link rel=\"canonical\" href=\"https:\/\/nmkidscan.org\/es\/podcast-new-mexico-rising\/\" \/>\n<meta property=\"og:locale\" content=\"es_ES\" \/>\n<meta property=\"og:type\" content=\"article\" \/>\n<meta property=\"og:title\" content=\"Podcast New Mexico Rising - NewMexicoKidsCAN\" \/>\n<meta property=\"og:description\" content=\"Durante d\u00e9cadas, Nuevo M\u00e9xico se ha situado entre los \u00faltimos puestos en educaci\u00f3n, una realidad con la que nos hemos acomodado demasiado. Pero sabemos que la historia no termina ah\u00ed. A lo largo y ancho de nuestro estado, incre\u00edbles l\u00edderes, educadores y padres est\u00e1n trabajando para mejorar nuestro sistema educativo, y New Mexico Rising presentar\u00e1 sus historias.\" \/>\n<meta property=\"og:url\" content=\"https:\/\/nmkidscan.org\/es\/podcast-new-mexico-rising\/\" \/>\n<meta property=\"og:site_name\" content=\"NewMexicoKidsCAN\" \/>\n<meta property=\"article:publisher\" content=\"https:\/\/www.facebook.com\/50CAN\" \/>\n<meta property=\"article:modified_time\" content=\"2026-01-14T14:40:25+00:00\" \/>\n<meta property=\"og:image\" content=\"https:\/\/nmkidscan.org\/wp-content\/uploads\/sites\/24\/2025\/11\/NMRisingPodcast-Logo.png\" \/>\n\t<meta property=\"og:image:width\" content=\"225\" \/>\n\t<meta property=\"og:image:height\" content=\"225\" \/>\n\t<meta property=\"og:image:type\" content=\"image\/png\" \/>\n<meta name=\"twitter:card\" content=\"summary_large_image\" \/>\n<meta name=\"twitter:site\" content=\"@fiftycan\" \/>\n<script type=\"application\/ld+json\" class=\"yoast-schema-graph\">{\"@context\":\"https:\\\/\\\/schema.org\",\"@graph\":[{\"@type\":\"WebPage\",\"@id\":\"https:\\\/\\\/nmkidscan.org\\\/es\\\/podcast-new-mexico-rising\\\/\",\"url\":\"https:\\\/\\\/nmkidscan.org\\\/es\\\/podcast-new-mexico-rising\\\/\",\"name\":\"Podcast New Mexico Rising - NewMexicoKidsCAN\",\"isPartOf\":{\"@id\":\"https:\\\/\\\/nmkidscan.org\\\/es\\\/#website\"},\"primaryImageOfPage\":{\"@id\":\"https:\\\/\\\/nmkidscan.org\\\/es\\\/podcast-new-mexico-rising\\\/#primaryimage\"},\"image\":{\"@id\":\"https:\\\/\\\/nmkidscan.org\\\/es\\\/podcast-new-mexico-rising\\\/#primaryimage\"},\"thumbnailUrl\":\"https:\\\/\\\/nmkidscan.org\\\/wp-content\\\/uploads\\\/sites\\\/24\\\/2025\\\/11\\\/NMRisingPodcast-Logo.png\",\"datePublished\":\"2025-09-23T20:57:27+00:00\",\"dateModified\":\"2026-01-14T14:40:25+00:00\",\"breadcrumb\":{\"@id\":\"https:\\\/\\\/nmkidscan.org\\\/es\\\/podcast-new-mexico-rising\\\/#breadcrumb\"},\"inLanguage\":\"es\",\"potentialAction\":[{\"@type\":\"ReadAction\",\"target\":[\"https:\\\/\\\/nmkidscan.org\\\/es\\\/podcast-new-mexico-rising\\\/\"]}]},{\"@type\":\"ImageObject\",\"inLanguage\":\"es\",\"@id\":\"https:\\\/\\\/nmkidscan.org\\\/es\\\/podcast-new-mexico-rising\\\/#primaryimage\",\"url\":\"https:\\\/\\\/nmkidscan.org\\\/wp-content\\\/uploads\\\/sites\\\/24\\\/2025\\\/11\\\/NMRisingPodcast-Logo.png\",\"contentUrl\":\"https:\\\/\\\/nmkidscan.org\\\/wp-content\\\/uploads\\\/sites\\\/24\\\/2025\\\/11\\\/NMRisingPodcast-Logo.png\",\"width\":225,\"height\":225},{\"@type\":\"BreadcrumbList\",\"@id\":\"https:\\\/\\\/nmkidscan.org\\\/es\\\/podcast-new-mexico-rising\\\/#breadcrumb\",\"itemListElement\":[{\"@type\":\"ListItem\",\"position\":1,\"name\":\"Home\",\"item\":\"https:\\\/\\\/nmkidscan.org\\\/es\\\/home\\\/?lang=es\"},{\"@type\":\"ListItem\",\"position\":2,\"name\":\"Podcast New Mexico Rising\"}]},{\"@type\":\"WebSite\",\"@id\":\"https:\\\/\\\/nmkidscan.org\\\/es\\\/#website\",\"url\":\"https:\\\/\\\/nmkidscan.org\\\/es\\\/\",\"name\":\"50CAN National\",\"description\":\"\",\"publisher\":{\"@id\":\"https:\\\/\\\/nmkidscan.org\\\/es\\\/#organization\"},\"potentialAction\":[{\"@type\":\"SearchAction\",\"target\":{\"@type\":\"EntryPoint\",\"urlTemplate\":\"https:\\\/\\\/nmkidscan.org\\\/es\\\/?s={search_term_string}\"},\"query-input\":{\"@type\":\"PropertyValueSpecification\",\"valueRequired\":true,\"valueName\":\"search_term_string\"}}],\"inLanguage\":\"es\"},{\"@type\":\"Organization\",\"@id\":\"https:\\\/\\\/nmkidscan.org\\\/es\\\/#organization\",\"name\":\"50CAN\",\"url\":\"https:\\\/\\\/nmkidscan.org\\\/es\\\/\",\"logo\":{\"@type\":\"ImageObject\",\"inLanguage\":\"es\",\"@id\":\"https:\\\/\\\/nmkidscan.org\\\/es\\\/#\\\/schema\\\/logo\\\/image\\\/\",\"url\":\"https:\\\/\\\/nmkidscan.org\\\/wp-content\\\/uploads\\\/sites\\\/24\\\/2023\\\/07\\\/50CAN-Logo-White-background.png\",\"contentUrl\":\"https:\\\/\\\/nmkidscan.org\\\/wp-content\\\/uploads\\\/sites\\\/24\\\/2023\\\/07\\\/50CAN-Logo-White-background.png\",\"width\":300,\"height\":200,\"caption\":\"50CAN\"},\"image\":{\"@id\":\"https:\\\/\\\/nmkidscan.org\\\/es\\\/#\\\/schema\\\/logo\\\/image\\\/\"},\"sameAs\":[\"https:\\\/\\\/www.facebook.com\\\/50CAN\",\"https:\\\/\\\/x.com\\\/fiftycan\",\"https:\\\/\\\/www.instagram.com\\\/fiftycan\"]}]}<\/script>\n<!-- \/ Yoast SEO plugin. -->","yoast_head_json":{"title":"Podcast New Mexico Rising - NewMexicoKidsCAN","robots":{"index":"index","follow":"follow","max-snippet":"max-snippet:-1","max-image-preview":"max-image-preview:large","max-video-preview":"max-video-preview:-1"},"canonical":"https:\/\/nmkidscan.org\/es\/podcast-new-mexico-rising\/","og_locale":"es_ES","og_type":"article","og_title":"Podcast New Mexico Rising - NewMexicoKidsCAN","og_description":"Durante d\u00e9cadas, Nuevo M\u00e9xico se ha situado entre los \u00faltimos puestos en educaci\u00f3n, una realidad con la que nos hemos acomodado demasiado. Pero sabemos que la historia no termina ah\u00ed. A lo largo y ancho de nuestro estado, incre\u00edbles l\u00edderes, educadores y padres est\u00e1n trabajando para mejorar nuestro sistema educativo, y New Mexico Rising presentar\u00e1 sus historias.","og_url":"https:\/\/nmkidscan.org\/es\/podcast-new-mexico-rising\/","og_site_name":"NewMexicoKidsCAN","article_publisher":"https:\/\/www.facebook.com\/50CAN","article_modified_time":"2026-01-14T14:40:25+00:00","og_image":[{"width":225,"height":225,"url":"https:\/\/nmkidscan.org\/wp-content\/uploads\/sites\/24\/2025\/11\/NMRisingPodcast-Logo.png","type":"image\/png"}],"twitter_card":"summary_large_image","twitter_site":"@fiftycan","schema":{"@context":"https:\/\/schema.org","@graph":[{"@type":"WebPage","@id":"https:\/\/nmkidscan.org\/es\/podcast-new-mexico-rising\/","url":"https:\/\/nmkidscan.org\/es\/podcast-new-mexico-rising\/","name":"Podcast New Mexico Rising - NewMexicoKidsCAN","isPartOf":{"@id":"https:\/\/nmkidscan.org\/es\/#website"},"primaryImageOfPage":{"@id":"https:\/\/nmkidscan.org\/es\/podcast-new-mexico-rising\/#primaryimage"},"image":{"@id":"https:\/\/nmkidscan.org\/es\/podcast-new-mexico-rising\/#primaryimage"},"thumbnailUrl":"https:\/\/nmkidscan.org\/wp-content\/uploads\/sites\/24\/2025\/11\/NMRisingPodcast-Logo.png","datePublished":"2025-09-23T20:57:27+00:00","dateModified":"2026-01-14T14:40:25+00:00","breadcrumb":{"@id":"https:\/\/nmkidscan.org\/es\/podcast-new-mexico-rising\/#breadcrumb"},"inLanguage":"es","potentialAction":[{"@type":"ReadAction","target":["https:\/\/nmkidscan.org\/es\/podcast-new-mexico-rising\/"]}]},{"@type":"ImageObject","inLanguage":"es","@id":"https:\/\/nmkidscan.org\/es\/podcast-new-mexico-rising\/#primaryimage","url":"https:\/\/nmkidscan.org\/wp-content\/uploads\/sites\/24\/2025\/11\/NMRisingPodcast-Logo.png","contentUrl":"https:\/\/nmkidscan.org\/wp-content\/uploads\/sites\/24\/2025\/11\/NMRisingPodcast-Logo.png","width":225,"height":225},{"@type":"BreadcrumbList","@id":"https:\/\/nmkidscan.org\/es\/podcast-new-mexico-rising\/#breadcrumb","itemListElement":[{"@type":"ListItem","position":1,"name":"Home","item":"https:\/\/nmkidscan.org\/es\/home\/?lang=es"},{"@type":"ListItem","position":2,"name":"Podcast New Mexico Rising"}]},{"@type":"WebSite","@id":"https:\/\/nmkidscan.org\/es\/#website","url":"https:\/\/nmkidscan.org\/es\/","name":"50CAN National","description":"","publisher":{"@id":"https:\/\/nmkidscan.org\/es\/#organization"},"potentialAction":[{"@type":"SearchAction","target":{"@type":"EntryPoint","urlTemplate":"https:\/\/nmkidscan.org\/es\/?s={search_term_string}"},"query-input":{"@type":"PropertyValueSpecification","valueRequired":true,"valueName":"search_term_string"}}],"inLanguage":"es"},{"@type":"Organization","@id":"https:\/\/nmkidscan.org\/es\/#organization","name":"50CAN","url":"https:\/\/nmkidscan.org\/es\/","logo":{"@type":"ImageObject","inLanguage":"es","@id":"https:\/\/nmkidscan.org\/es\/#\/schema\/logo\/image\/","url":"https:\/\/nmkidscan.org\/wp-content\/uploads\/sites\/24\/2023\/07\/50CAN-Logo-White-background.png","contentUrl":"https:\/\/nmkidscan.org\/wp-content\/uploads\/sites\/24\/2023\/07\/50CAN-Logo-White-background.png","width":300,"height":200,"caption":"50CAN"},"image":{"@id":"https:\/\/nmkidscan.org\/es\/#\/schema\/logo\/image\/"},"sameAs":["https:\/\/www.facebook.com\/50CAN","https:\/\/x.com\/fiftycan","https:\/\/www.instagram.com\/fiftycan"]}]}},"publishpress_future_action":{"enabled":false,"date":"2026-04-20 03:33:30","action":"change-status","newStatus":"draft","terms":[],"taxonomy":"translation_priority","extraData":[]},"publishpress_future_workflow_manual_trigger":{"enabledWorkflows":[]},"_links":{"self":[{"href":"https:\/\/nmkidscan.org\/es\/wp-json\/wp\/v2\/pages\/23236258","targetHints":{"allow":["GET"]}}],"collection":[{"href":"https:\/\/nmkidscan.org\/es\/wp-json\/wp\/v2\/pages"}],"about":[{"href":"https:\/\/nmkidscan.org\/es\/wp-json\/wp\/v2\/types\/page"}],"author":[{"embeddable":true,"href":"https:\/\/nmkidscan.org\/es\/wp-json\/wp\/v2\/users\/205"}],"replies":[{"embeddable":true,"href":"https:\/\/nmkidscan.org\/es\/wp-json\/wp\/v2\/comments?post=23236258"}],"version-history":[{"count":0,"href":"https:\/\/nmkidscan.org\/es\/wp-json\/wp\/v2\/pages\/23236258\/revisions"}],"wp:featuredmedia":[{"embeddable":true,"href":"https:\/\/nmkidscan.org\/es\/wp-json\/wp\/v2\/media\/23236256"}],"wp:attachment":[{"href":"https:\/\/nmkidscan.org\/es\/wp-json\/wp\/v2\/media?parent=23236258"}],"curies":[{"name":"wp","href":"https:\/\/api.w.org\/{rel}","templated":true}]}}